{"id":8958,"date":"2020-12-14T07:27:37","date_gmt":"2020-12-14T04:27:37","guid":{"rendered":"https:\/\/companyhub.liquid-themes.com\/staging\/?page_id=8958"},"modified":"2025-10-21T16:47:09","modified_gmt":"2025-10-21T13:47:09","slug":"about","status":"publish","type":"page","link":"https:\/\/nbtexim.com\/es\/about\/","title":{"rendered":"Nosotros"},"content":{"rendered":"\t\t<div data-elementor-type=\"wp-page\" data-elementor-id=\"8958\" class=\"elementor elementor-8958\">\n\t\t\t\t\t\t<section class=\"elementor-section elementor-top-section elementor-element elementor-element-0c902d8 elementor-section-full_width elementor-section-height-default elementor-section-height-default\" data-id=\"0c902d8\" data-element_type=\"section\">\n\t\t\t\t\t\t<div class=\"elementor-container elementor-column-gap-default\">\n\t\t\t\t\t<div class=\"elementor-column elementor-col-50 elementor-top-column elementor-element elementor-element-3cd3659\" data-id=\"3cd3659\" data-element_type=\"column\">\n\t\t\t<div class=\"elementor-widget-wrap elementor-element-populated\">\n\t\t\t\t\t\t<div class=\"elementor-element elementor-element-595170d elementor-widget__width-initial elementor-widget elementor-widget-image\" data-id=\"595170d\" data-element_type=\"widget\" data-widget_type=\"image.default\">\n\t\t\t\t<div class=\"elementor-widget-container\">\n\t\t\t\t\t\t\t\t\t\t\t\t\t\t\t<img fetchpriority=\"high\" decoding=\"async\" width=\"780\" height=\"439\" src=\"https:\/\/nbtexim.com\/es\/wp-content\/uploads\/sites\/8\/2025\/09\/wallpaperbetter.com_1920x1080-1024x576.jpg\" class=\"attachment-large size-large wp-image-11984\" alt=\"\" srcset=\"https:\/\/nbtexim.com\/es\/wp-content\/uploads\/sites\/8\/2025\/09\/wallpaperbetter.com_1920x1080-1024x576.jpg 1024w, https:\/\/nbtexim.com\/es\/wp-content\/uploads\/sites\/8\/2025\/09\/wallpaperbetter.com_1920x1080-300x169.jpg 300w, https:\/\/nbtexim.com\/es\/wp-content\/uploads\/sites\/8\/2025\/09\/wallpaperbetter.com_1920x1080-1536x864.jpg 1536w, https:\/\/nbtexim.com\/es\/wp-content\/uploads\/sites\/8\/2025\/09\/wallpaperbetter.com_1920x1080.jpg 1600w\" sizes=\"(max-width: 780px) 100vw, 780px\" \/>\t\t\t\t\t\t\t\t\t\t\t\t\t\t\t<\/div>\n\t\t\t\t<\/div>\n\t\t\t\t\t<\/div>\n\t\t<\/div>\n\t\t\t\t<div class=\"elementor-column elementor-col-50 elementor-top-column elementor-element elementor-element-baf9a1b\" data-id=\"baf9a1b\" data-element_type=\"column\">\n\t\t\t<div class=\"elementor-widget-wrap elementor-element-populated\">\n\t\t\t\t\t\t<div class=\"elementor-element elementor-element-1692d7e elementor-widget elementor-widget-hub_fancy_heading\" data-id=\"1692d7e\" data-element_type=\"widget\" data-widget_type=\"hub_fancy_heading.default\">\n\t\t\t\t<div class=\"elementor-widget-container\">\n\t\t\t\t\t\n\t\t<div id=\"ld-fancy-heading-69d1846edaeef\" class=\"ld-fancy-heading pos-rel\">\n\t\t\t<h2 class=\"ld-fh-element d-inline-block pos-rel  elementor-heading-title lqd-highlight-classic lqd-highlight-grow-left h2\"  > Misi\u00f3n<\/h2>\t\t<\/div>\n\n\t\t\t\t\t\t<\/div>\n\t\t\t\t<\/div>\n\t\t\t\t<div class=\"elementor-element elementor-element-df9e52e elementor-widget elementor-widget-text-editor\" data-id=\"df9e52e\" data-element_type=\"widget\" data-widget_type=\"text-editor.default\">\n\t\t\t\t<div class=\"elementor-widget-container\">\n\t\t\t\t\t\t\t\t\t<p style=\"text-align: center;\">Nuestra misi\u00f3n es proporcionar a nuestros socios comerciales ingredientes y materias primas de origen vegetal de la m\u00e1s alta calidad, respaldados por soluciones de suministro fiables, competitivas y estables. Nos comprometemos a construir alianzas s\u00f3lidas y duraderas, basadas en la confianza, la coherencia y el crecimiento mutuo. A trav\u00e9s de la colaboraci\u00f3n con fabricantes l\u00edderes y el aprovechamiento de nuestra red global de distribuci\u00f3n, aseguramos que cada producto cumpla con los m\u00e1s estrictos est\u00e1ndares internacionales de calidad. Nuestro prop\u00f3sito va m\u00e1s all\u00e1 de suministrar ingredientes: buscamos crear valor a\u00f1adido para nuestros socios, ofreci\u00e9ndoles soluciones flexibles que impulsen su producci\u00f3n, favorezcan la innovaci\u00f3n y promuevan un desarrollo\u00a0sostenible.<\/p>\t\t\t\t\t\t\t\t<\/div>\n\t\t\t\t<\/div>\n\t\t\t\t\t<\/div>\n\t\t<\/div>\n\t\t\t\t\t<\/div>\n\t\t<\/section>\n\t\t\t\t<section class=\"elementor-section elementor-top-section elementor-element elementor-element-a78de67 elementor-section-full_width elementor-section-height-default elementor-section-height-default\" data-id=\"a78de67\" data-element_type=\"section\">\n\t\t\t\t\t\t<div class=\"elementor-container elementor-column-gap-default\">\n\t\t\t\t\t<div class=\"elementor-column elementor-col-50 elementor-top-column elementor-element elementor-element-52be6b6\" data-id=\"52be6b6\" data-element_type=\"column\">\n\t\t\t<div class=\"elementor-widget-wrap elementor-element-populated\">\n\t\t\t\t\t\t<div class=\"elementor-element elementor-element-b3951a8 elementor-widget elementor-widget-hub_fancy_heading\" data-id=\"b3951a8\" data-element_type=\"widget\" data-widget_type=\"hub_fancy_heading.default\">\n\t\t\t\t<div class=\"elementor-widget-container\">\n\t\t\t\t\t\n\t\t<div id=\"ld-fancy-heading-69d1846edbb62\" class=\"ld-fancy-heading pos-rel\">\n\t\t\t<h2 class=\"ld-fh-element d-inline-block pos-rel  elementor-heading-title lqd-highlight-classic lqd-highlight-grow-left h2\"  > Visi\u00f3n<\/h2>\t\t<\/div>\n\n\t\t\t\t\t\t<\/div>\n\t\t\t\t<\/div>\n\t\t\t\t<div class=\"elementor-element elementor-element-51b5e76 elementor-widget elementor-widget-text-editor\" data-id=\"51b5e76\" data-element_type=\"widget\" data-widget_type=\"text-editor.default\">\n\t\t\t\t<div class=\"elementor-widget-container\">\n\t\t\t\t\t\t\t\t\t<p style=\"text-align: center;\">Nuestra visi\u00f3n es resaltar la importancia de los productos agr\u00edcolas en un mundo donde los recursos son cada vez m\u00e1s limitados, impulsando la sostenibilidad y las pr\u00e1cticas responsables con el medio ambiente para construir un futuro m\u00e1s saludable. Estamos convencidos de que el abastecimiento responsable y las cadenas de suministro eficientes son fundamentales para garantizar la seguridad alimentaria a largo plazo y la preservaci\u00f3n de los recursos naturales. Al conectar a fabricantes l\u00edderes a nivel global con diversas industrias, buscamos contribuir a una econom\u00eda m\u00e1s equilibrada, innovadora y sostenible. Nuestro prop\u00f3sito final es crear valor compartido que beneficie no solo a nuestros socios, sino tambi\u00e9n a las comunidades y al planeta\u00a0en\u00a0su\u00a0conjunto.<\/p>\t\t\t\t\t\t\t\t<\/div>\n\t\t\t\t<\/div>\n\t\t\t\t\t<\/div>\n\t\t<\/div>\n\t\t\t\t<div class=\"elementor-column elementor-col-50 elementor-top-column elementor-element elementor-element-7e3c813\" data-id=\"7e3c813\" data-element_type=\"column\">\n\t\t\t<div class=\"elementor-widget-wrap elementor-element-populated\">\n\t\t\t\t\t\t<div class=\"elementor-element elementor-element-4b096ac elementor-widget elementor-widget-image\" data-id=\"4b096ac\" data-element_type=\"widget\" data-widget_type=\"image.default\">\n\t\t\t\t<div class=\"elementor-widget-container\">\n\t\t\t\t\t\t\t\t\t\t\t\t\t\t\t<img decoding=\"async\" width=\"780\" height=\"456\" src=\"data:image\/svg+xml;charset=utf-8,%3Csvg xmlns%3D&#039;http%3A%2F%2Fwww.w3.org%2F2000%2Fsvg&#039; viewBox%3D&#039;0 0 1024 598&#039;%2F%3E\" class=\"attachment-large size-large wp-image-11985 ld-lazyload\" alt=\"\" data-src=\"https:\/\/nbtexim.com\/es\/wp-content\/uploads\/sites\/8\/2025\/09\/img-10@2x-1-1024x598.jpeg\" data-srcset=\"https:\/\/nbtexim.com\/es\/wp-content\/uploads\/sites\/8\/2025\/09\/img-10@2x-1-1024x598.jpeg 1024w, https:\/\/nbtexim.com\/es\/wp-content\/uploads\/sites\/8\/2025\/09\/img-10@2x-1-300x175.jpeg 300w, https:\/\/nbtexim.com\/es\/wp-content\/uploads\/sites\/8\/2025\/09\/img-10@2x-1-1536x898.jpeg 1536w, https:\/\/nbtexim.com\/es\/wp-content\/uploads\/sites\/8\/2025\/09\/img-10@2x-1.jpeg 1540w\" data-sizes=\"(max-width: 780px) 100vw, 780px\" data-aspect=\"1.7123745819398\" \/>\t\t\t\t\t\t\t\t\t\t\t\t\t\t\t<\/div>\n\t\t\t\t<\/div>\n\t\t\t\t\t<\/div>\n\t\t<\/div>\n\t\t\t\t\t<\/div>\n\t\t<\/section>\n\t\t\t\t<section class=\"elementor-section elementor-top-section elementor-element elementor-element-1294d82 elementor-section-full_width elementor-section-height-default elementor-section-height-default\" data-id=\"1294d82\" data-element_type=\"section\">\n\t\t\t\t\t\t<div class=\"elementor-container elementor-column-gap-default\">\n\t\t\t\t\t<div class=\"elementor-column elementor-col-50 elementor-top-column elementor-element elementor-element-b50f47d\" data-id=\"b50f47d\" data-element_type=\"column\">\n\t\t\t<div class=\"elementor-widget-wrap elementor-element-populated\">\n\t\t\t\t\t\t<div class=\"elementor-element elementor-element-a6fc220 elementor-widget__width-initial elementor-widget elementor-widget-image\" data-id=\"a6fc220\" data-element_type=\"widget\" data-widget_type=\"image.default\">\n\t\t\t\t<div class=\"elementor-widget-container\">\n\t\t\t\t\t\t\t\t\t\t\t\t\t\t\t<img decoding=\"async\" width=\"780\" height=\"481\" src=\"data:image\/svg+xml;charset=utf-8,%3Csvg xmlns%3D&#039;http%3A%2F%2Fwww.w3.org%2F2000%2Fsvg&#039; viewBox%3D&#039;0 0 1024 631&#039;%2F%3E\" class=\"attachment-large size-large wp-image-11986 ld-lazyload\" alt=\"\" data-src=\"https:\/\/nbtexim.com\/es\/wp-content\/uploads\/sites\/8\/2025\/09\/img-12@2x-1-1024x631.jpeg\" data-srcset=\"https:\/\/nbtexim.com\/es\/wp-content\/uploads\/sites\/8\/2025\/09\/img-12@2x-1-1024x631.jpeg 1024w, https:\/\/nbtexim.com\/es\/wp-content\/uploads\/sites\/8\/2025\/09\/img-12@2x-1-300x185.jpeg 300w, https:\/\/nbtexim.com\/es\/wp-content\/uploads\/sites\/8\/2025\/09\/img-12@2x-1-1536x947.jpeg 1536w, https:\/\/nbtexim.com\/es\/wp-content\/uploads\/sites\/8\/2025\/09\/img-12@2x-1.jpeg 1600w\" data-sizes=\"(max-width: 780px) 100vw, 780px\" data-aspect=\"1.6228209191759\" \/>\t\t\t\t\t\t\t\t\t\t\t\t\t\t\t<\/div>\n\t\t\t\t<\/div>\n\t\t\t\t\t<\/div>\n\t\t<\/div>\n\t\t\t\t<div class=\"elementor-column elementor-col-50 elementor-top-column elementor-element elementor-element-a07ea36\" data-id=\"a07ea36\" data-element_type=\"column\">\n\t\t\t<div class=\"elementor-widget-wrap elementor-element-populated\">\n\t\t\t\t\t\t<div class=\"elementor-element elementor-element-1d78b43 elementor-widget elementor-widget-hub_fancy_heading\" data-id=\"1d78b43\" data-element_type=\"widget\" data-widget_type=\"hub_fancy_heading.default\">\n\t\t\t\t<div class=\"elementor-widget-container\">\n\t\t\t\t\t\n\t\t<div id=\"ld-fancy-heading-69d1846f9b42a\" class=\"ld-fancy-heading pos-rel\">\n\t\t\t<h2 class=\"ld-fh-element d-inline-block pos-rel  elementor-heading-title lqd-highlight-classic lqd-highlight-grow-left h2\"  > Servicios y Soluciones<\/h2>\t\t<\/div>\n\n\t\t\t\t\t\t<\/div>\n\t\t\t\t<\/div>\n\t\t\t\t<div class=\"elementor-element elementor-element-2e8a132 elementor-widget elementor-widget-text-editor\" data-id=\"2e8a132\" data-element_type=\"widget\" data-widget_type=\"text-editor.default\">\n\t\t\t\t<div class=\"elementor-widget-container\">\n\t\t\t\t\t\t\t\t\t<p style=\"text-align: center;\">Ofrecemos una amplia gama de ingredientes para las industrias de alimentaci\u00f3n, piensos y cosm\u00e9tica, suministrando a socios en todo el mundo. M\u00e1s all\u00e1 del abastecimiento, brindamos soluciones integrales de distribuci\u00f3n, que incluyen almacenamiento, log\u00edstica, formulaci\u00f3n de productos y soporte t\u00e9cnico especializado. Con el respaldo de nuestra red global y nuestra experiencia en el sector, garantizamos servicios flexibles, fiables y de alto valor a\u00f1adido, siempre adaptados a las necesidades espec\u00edficas de\u00a0cada\u00a0cliente.<\/p>\t\t\t\t\t\t\t\t<\/div>\n\t\t\t\t<\/div>\n\t\t\t\t\t<\/div>\n\t\t<\/div>\n\t\t\t\t\t<\/div>\n\t\t<\/section>\n\t\t\t\t<section class=\"elementor-section elementor-top-section elementor-element elementor-element-c72a3e4 elementor-section-content-middle elementor-section-full_width elementor-section-height-default elementor-section-height-default\" data-id=\"c72a3e4\" data-element_type=\"section\" data-settings=\"{&quot;background_background&quot;:&quot;gradient&quot;}\">\n\t\t\t\t\t\t<div class=\"elementor-container elementor-column-gap-narrow\">\n\t\t\t\t\t<div class=\"elementor-column elementor-col-50 elementor-top-column elementor-element elementor-element-6577e42\" data-id=\"6577e42\" data-element_type=\"column\">\n\t\t\t<div class=\"elementor-widget-wrap elementor-element-populated\">\n\t\t\t\t\t\t<div class=\"elementor-element elementor-element-530827e elementor-widget elementor-widget-hub_fancy_heading\" data-id=\"530827e\" data-element_type=\"widget\" data-widget_type=\"hub_fancy_heading.default\">\n\t\t\t\t<div class=\"elementor-widget-container\">\n\t\t\t\t\t\n\t\t<div id=\"ld-fancy-heading-69d1846f9baf0\" class=\"ld-fancy-heading pos-rel\">\n\t\t\t<h2 class=\"ld-fh-element d-inline-block pos-rel  elementor-heading-title lqd-highlight-classic lqd-highlight-grow-left h2\"  > Nuestros Principios<\/h2>\t\t<\/div>\n\n\t\t\t\t\t\t<\/div>\n\t\t\t\t<\/div>\n\t\t\t\t<div class=\"elementor-element elementor-element-e9b661b elementor-widget elementor-widget-ld_list\" data-id=\"e9b661b\" data-element_type=\"widget\" data-widget_type=\"ld_list.default\">\n\t\t\t\t<div class=\"elementor-widget-container\">\n\t\t\t\t\t\t\t\n\t\t<div class=\"lqd-bullet-list\">\n\t\t\t<ul class=\"bullet-list-ul reset-ul \">\n\t\t\t\t\t\t\t\t\t\t<li class=\"d-flex align-items-center\">Soporte r\u00e1pido y eficaz \u2013 Estamos siempre disponibles para brindar soluciones oportunas a nuestros socios.<\/li>\n\t\t\t\t\t\t\t\t\t\t<li class=\"d-flex align-items-center\">Servicio orientado al cliente \u2013 Construimos relaciones s\u00f3lidas y duraderas basadas en la confianza, la transparencia y la atenci\u00f3n personalizada.<\/li>\n\t\t\t\t\t\t\t\t\t\t<li class=\"d-flex align-items-center\">Compromiso con la calidad \u2013 Suministramos \u00fanicamente ingredientes que cumplen con los m\u00e1s altos est\u00e1ndares internacionales de seguridad y consistencia.<\/li>\n\t\t\t\t\t\t\t\t\t\t<li class=\"d-flex align-items-center\">Soporte posventa \u2013 Ofrecemos asistencia continua para asegurar la satisfacci\u00f3n total de nuestros clientes incluso despu\u00e9s de la entrega.<\/li>\n\t\t\t\t\t\t\t\t\t\t<li class=\"d-flex align-items-center\">Responsabilidad ambiental \u2013 Operamos con un firme compromiso hacia la sostenibilidad y la adopci\u00f3n de pr\u00e1cticas respetuosas con el\u00a0medio\u00a0ambiente.<\/li>\n\t\t\t\t\t\t\t<\/ul>\n\t\t<\/div>\n\n\t\t\t\t\t\t<\/div>\n\t\t\t\t<\/div>\n\t\t\t\t\t<\/div>\n\t\t<\/div>\n\t\t\t\t<div class=\"elementor-column elementor-col-50 elementor-top-column elementor-element elementor-element-c0928cf\" data-id=\"c0928cf\" data-element_type=\"column\">\n\t\t\t<div class=\"elementor-widget-wrap elementor-element-populated\">\n\t\t\t\t\t\t<div class=\"elementor-element elementor-element-692c7c8 elementor-widget__width-initial elementor-widget elementor-widget-ld_fancy_image\" data-id=\"692c7c8\" data-element_type=\"widget\" data-widget_type=\"ld_fancy_image.default\">\n\t\t\t\t<div class=\"elementor-widget-container\">\n\t\t\t\t\t\n\t\t<div class=\"lqd-imggrp-single d-block pos-rel \" data-shadow-style=\"4\">\n\t\t\t<div class=\"lqd-imggrp-img-container d-inline-flex pos-rel align-items-center justify-content-center \">\n\t\t\t\t\t\t\t\t<figure class=\"w-100 pos-rel\">\n\t\t\t\t\t<img loading=\"lazy\" decoding=\"async\" width=\"592\" height=\"674\" src=\"data:image\/svg+xml;charset=utf-8,%3Csvg xmlns%3D&#039;http%3A%2F%2Fwww.w3.org%2F2000%2Fsvg&#039; viewBox%3D&#039;0 0 592 674&#039;%2F%3E\" class=\"attachment-full size-full wp-image-11987 ld-lazyload\" alt=\"\" itemprop=\"image\" data-src=\"https:\/\/nbtexim.com\/es\/wp-content\/uploads\/sites\/8\/2025\/09\/img-1@2x.jpg\" data-srcset=\"https:\/\/nbtexim.com\/es\/wp-content\/uploads\/sites\/8\/2025\/09\/img-1@2x.jpg 592w, https:\/\/nbtexim.com\/es\/wp-content\/uploads\/sites\/8\/2025\/09\/img-1@2x-264x300.jpg 264w\" data-sizes=\"(max-width: 592px) 100vw, 592px\" data-aspect=\"0.87833827893175\" \/>\t\t\t\t\t\t\t\t\t\t\t\t\t\t\t\t\t\t\t\t\t\t\t\t\t\t\t\t\t<\/figure>\n\t\t\t<\/div>\n\t\t<\/div>\n\n\t\t\t\t\t<\/div>\n\t\t\t\t<\/div>\n\t\t\t\t\t<\/div>\n\t\t<\/div>\n\t\t\t\t\t<\/div>\n\t\t<\/section>\n\t\t\t\t<\/div>\n\t\t","protected":false},"excerpt":{"rendered":"<p>Misi\u00f3n Nuestra misi\u00f3n es proporcionar a nuestros socios comerciales ingredientes y materias primas de origen vegetal de la m\u00e1s alta calidad, respaldados por soluciones de suministro fiables, competitivas y estables. Nos comprometemos a construir alianzas s\u00f3lidas y duraderas, basadas en la confianza, la coherencia y el crecimiento mutuo. A trav\u00e9s de la colaboraci\u00f3n con fabricantes [&hellip;]<\/p>\n","protected":false},"author":1,"featured_media":0,"parent":9,"menu_order":0,"comment_status":"closed","ping_status":"closed","template":"","meta":{"footnotes":""},"class_list":["post-8958","page","type-page","status-publish","hentry"],"yoast_head":"<!-- This site is optimized with the Yoast SEO plugin v25.8 - https:\/\/yoast.com\/wordpress\/plugins\/seo\/ -->\n<title>Nosotros - NBT Ingredientes<\/title>\n<meta name=\"robots\" content=\"index, follow, max-snippet:-1, max-image-preview:large, max-video-preview:-1\" \/>\n<link rel=\"canonical\" href=\"https:\/\/nbtexim.com\/es\/about\/\" \/>\n<meta property=\"og:locale\" content=\"tr_TR\" \/>\n<meta property=\"og:type\" content=\"article\" \/>\n<meta property=\"og:title\" content=\"Nosotros - NBT Ingredientes\" \/>\n<meta property=\"og:description\" content=\"Misi\u00f3n Nuestra misi\u00f3n es proporcionar a nuestros socios comerciales ingredientes y materias primas de origen vegetal de la m\u00e1s alta calidad, respaldados por soluciones de suministro fiables, competitivas y estables. Nos comprometemos a construir alianzas s\u00f3lidas y duraderas, basadas en la confianza, la coherencia y el crecimiento mutuo. A trav\u00e9s de la colaboraci\u00f3n con fabricantes [&hellip;]\" \/>\n<meta property=\"og:url\" content=\"https:\/\/nbtexim.com\/es\/about\/\" \/>\n<meta property=\"og:site_name\" content=\"NBT Ingredientes\" \/>\n<meta property=\"article:modified_time\" content=\"2025-10-21T13:47:09+00:00\" \/>\n<meta property=\"og:image\" content=\"https:\/\/nbtexim.com\/es\/wp-content\/uploads\/sites\/8\/2025\/09\/wallpaperbetter.com_1920x1080.jpg\" \/>\n\t<meta property=\"og:image:width\" content=\"1600\" \/>\n\t<meta property=\"og:image:height\" content=\"900\" \/>\n\t<meta property=\"og:image:type\" content=\"image\/jpeg\" \/>\n<meta name=\"twitter:card\" content=\"summary_large_image\" \/>\n<meta name=\"twitter:label1\" content=\"Tahmini okuma s\u00fcresi\" \/>\n\t<meta name=\"twitter:data1\" content=\"4 dakika\" \/>\n<script type=\"application\/ld+json\" class=\"yoast-schema-graph\">{\"@context\":\"https:\/\/schema.org\",\"@graph\":[{\"@type\":\"WebPage\",\"@id\":\"https:\/\/nbtexim.com\/es\/about\/\",\"url\":\"https:\/\/nbtexim.com\/es\/about\/\",\"name\":\"Nosotros - NBT Ingredientes\",\"isPartOf\":{\"@id\":\"https:\/\/nbtexim.com\/es\/#website\"},\"primaryImageOfPage\":{\"@id\":\"https:\/\/nbtexim.com\/es\/about\/#primaryimage\"},\"image\":{\"@id\":\"https:\/\/nbtexim.com\/es\/about\/#primaryimage\"},\"thumbnailUrl\":\"https:\/\/nbtexim.com\/es\/wp-content\/uploads\/sites\/8\/2025\/09\/wallpaperbetter.com_1920x1080-1024x576.jpg\",\"datePublished\":\"2020-12-14T04:27:37+00:00\",\"dateModified\":\"2025-10-21T13:47:09+00:00\",\"breadcrumb\":{\"@id\":\"https:\/\/nbtexim.com\/es\/about\/#breadcrumb\"},\"inLanguage\":\"tr\",\"potentialAction\":[{\"@type\":\"ReadAction\",\"target\":[\"https:\/\/nbtexim.com\/es\/about\/\"]}]},{\"@type\":\"ImageObject\",\"inLanguage\":\"tr\",\"@id\":\"https:\/\/nbtexim.com\/es\/about\/#primaryimage\",\"url\":\"https:\/\/nbtexim.com\/es\/wp-content\/uploads\/sites\/8\/2025\/09\/wallpaperbetter.com_1920x1080.jpg\",\"contentUrl\":\"https:\/\/nbtexim.com\/es\/wp-content\/uploads\/sites\/8\/2025\/09\/wallpaperbetter.com_1920x1080.jpg\",\"width\":1600,\"height\":900},{\"@type\":\"BreadcrumbList\",\"@id\":\"https:\/\/nbtexim.com\/es\/about\/#breadcrumb\",\"itemListElement\":[{\"@type\":\"ListItem\",\"position\":1,\"name\":\"Anasayfa\",\"item\":\"https:\/\/nbtexim.com\/es\/\"},{\"@type\":\"ListItem\",\"position\":2,\"name\":\"P\u00e1gina de inicio\",\"item\":\"https:\/\/nbtexim.com\/es\/\"},{\"@type\":\"ListItem\",\"position\":3,\"name\":\"Nosotros\"}]},{\"@type\":\"WebSite\",\"@id\":\"https:\/\/nbtexim.com\/es\/#website\",\"url\":\"https:\/\/nbtexim.com\/es\/\",\"name\":\"NBT Ingredientes\",\"description\":\"Almidones, edulcorantes, aceites y prote\u00ednas.\",\"potentialAction\":[{\"@type\":\"SearchAction\",\"target\":{\"@type\":\"EntryPoint\",\"urlTemplate\":\"https:\/\/nbtexim.com\/es\/?s={search_term_string}\"},\"query-input\":{\"@type\":\"PropertyValueSpecification\",\"valueRequired\":true,\"valueName\":\"search_term_string\"}}],\"inLanguage\":\"tr\"}]}<\/script>\n<!-- \/ Yoast SEO plugin. -->","yoast_head_json":{"title":"Nosotros - NBT Ingredientes","robots":{"index":"index","follow":"follow","max-snippet":"max-snippet:-1","max-image-preview":"max-image-preview:large","max-video-preview":"max-video-preview:-1"},"canonical":"https:\/\/nbtexim.com\/es\/about\/","og_locale":"tr_TR","og_type":"article","og_title":"Nosotros - NBT Ingredientes","og_description":"Misi\u00f3n Nuestra misi\u00f3n es proporcionar a nuestros socios comerciales ingredientes y materias primas de origen vegetal de la m\u00e1s alta calidad, respaldados por soluciones de suministro fiables, competitivas y estables. Nos comprometemos a construir alianzas s\u00f3lidas y duraderas, basadas en la confianza, la coherencia y el crecimiento mutuo. A trav\u00e9s de la colaboraci\u00f3n con fabricantes [&hellip;]","og_url":"https:\/\/nbtexim.com\/es\/about\/","og_site_name":"NBT Ingredientes","article_modified_time":"2025-10-21T13:47:09+00:00","og_image":[{"width":1600,"height":900,"url":"https:\/\/nbtexim.com\/es\/wp-content\/uploads\/sites\/8\/2025\/09\/wallpaperbetter.com_1920x1080.jpg","type":"image\/jpeg"}],"twitter_card":"summary_large_image","twitter_misc":{"Tahmini okuma s\u00fcresi":"4 dakika"},"schema":{"@context":"https:\/\/schema.org","@graph":[{"@type":"WebPage","@id":"https:\/\/nbtexim.com\/es\/about\/","url":"https:\/\/nbtexim.com\/es\/about\/","name":"Nosotros - NBT Ingredientes","isPartOf":{"@id":"https:\/\/nbtexim.com\/es\/#website"},"primaryImageOfPage":{"@id":"https:\/\/nbtexim.com\/es\/about\/#primaryimage"},"image":{"@id":"https:\/\/nbtexim.com\/es\/about\/#primaryimage"},"thumbnailUrl":"https:\/\/nbtexim.com\/es\/wp-content\/uploads\/sites\/8\/2025\/09\/wallpaperbetter.com_1920x1080-1024x576.jpg","datePublished":"2020-12-14T04:27:37+00:00","dateModified":"2025-10-21T13:47:09+00:00","breadcrumb":{"@id":"https:\/\/nbtexim.com\/es\/about\/#breadcrumb"},"inLanguage":"tr","potentialAction":[{"@type":"ReadAction","target":["https:\/\/nbtexim.com\/es\/about\/"]}]},{"@type":"ImageObject","inLanguage":"tr","@id":"https:\/\/nbtexim.com\/es\/about\/#primaryimage","url":"https:\/\/nbtexim.com\/es\/wp-content\/uploads\/sites\/8\/2025\/09\/wallpaperbetter.com_1920x1080.jpg","contentUrl":"https:\/\/nbtexim.com\/es\/wp-content\/uploads\/sites\/8\/2025\/09\/wallpaperbetter.com_1920x1080.jpg","width":1600,"height":900},{"@type":"BreadcrumbList","@id":"https:\/\/nbtexim.com\/es\/about\/#breadcrumb","itemListElement":[{"@type":"ListItem","position":1,"name":"Anasayfa","item":"https:\/\/nbtexim.com\/es\/"},{"@type":"ListItem","position":2,"name":"P\u00e1gina de inicio","item":"https:\/\/nbtexim.com\/es\/"},{"@type":"ListItem","position":3,"name":"Nosotros"}]},{"@type":"WebSite","@id":"https:\/\/nbtexim.com\/es\/#website","url":"https:\/\/nbtexim.com\/es\/","name":"NBT Ingredientes","description":"Almidones, edulcorantes, aceites y prote\u00ednas.","potentialAction":[{"@type":"SearchAction","target":{"@type":"EntryPoint","urlTemplate":"https:\/\/nbtexim.com\/es\/?s={search_term_string}"},"query-input":{"@type":"PropertyValueSpecification","valueRequired":true,"valueName":"search_term_string"}}],"inLanguage":"tr"}]}},"_links":{"self":[{"href":"https:\/\/nbtexim.com\/es\/wp-json\/wp\/v2\/pages\/8958","targetHints":{"allow":["GET"]}}],"collection":[{"href":"https:\/\/nbtexim.com\/es\/wp-json\/wp\/v2\/pages"}],"about":[{"href":"https:\/\/nbtexim.com\/es\/wp-json\/wp\/v2\/types\/page"}],"author":[{"embeddable":true,"href":"https:\/\/nbtexim.com\/es\/wp-json\/wp\/v2\/users\/1"}],"replies":[{"embeddable":true,"href":"https:\/\/nbtexim.com\/es\/wp-json\/wp\/v2\/comments?post=8958"}],"version-history":[{"count":79,"href":"https:\/\/nbtexim.com\/es\/wp-json\/wp\/v2\/pages\/8958\/revisions"}],"predecessor-version":[{"id":12025,"href":"https:\/\/nbtexim.com\/es\/wp-json\/wp\/v2\/pages\/8958\/revisions\/12025"}],"up":[{"embeddable":true,"href":"https:\/\/nbtexim.com\/es\/wp-json\/wp\/v2\/pages\/9"}],"wp:attachment":[{"href":"https:\/\/nbtexim.com\/es\/wp-json\/wp\/v2\/media?parent=8958"}],"curies":[{"name":"wp","href":"https:\/\/api.w.org\/{rel}","templated":true}]}}