{"id":10984,"date":"2022-03-28T01:54:43","date_gmt":"2022-03-27T22:54:43","guid":{"rendered":"https:\/\/nbtexim.com\/es\/?page_id=10984"},"modified":"2025-09-05T00:07:43","modified_gmt":"2025-09-04T21:07:43","slug":"applications","status":"publish","type":"page","link":"https:\/\/nbtexim.com\/es\/applications\/","title":{"rendered":"Aplicaciones"},"content":{"rendered":"\t\t<div data-elementor-type=\"wp-page\" data-elementor-id=\"10984\" class=\"elementor elementor-10984\">\n\t\t\t\t\t\t<section class=\"elementor-section elementor-top-section elementor-element elementor-element-43496c0 elementor-section-boxed elementor-section-height-default elementor-section-height-default\" data-id=\"43496c0\" data-element_type=\"section\">\n\t\t\t\t\t\t<div class=\"elementor-container elementor-column-gap-default\">\n\t\t\t\t\t<div class=\"elementor-column elementor-col-50 elementor-top-column elementor-element elementor-element-8a68835\" data-id=\"8a68835\" data-element_type=\"column\">\n\t\t\t<div class=\"elementor-widget-wrap elementor-element-populated\">\n\t\t\t\t\t\t<div class=\"elementor-element elementor-element-0617499 elementor-widget elementor-widget-ld_content_box\" data-id=\"0617499\" data-element_type=\"widget\" data-widget_type=\"ld_content_box.default\">\n\t\t\t\t<div class=\"elementor-widget-container\">\n\t\t\t\t\t\n\t\t<div class=\"lqd-fb pos-rel lqd-fb-style-4 lqd-fb-zoom-img-onhover\">\n\t\t\t\t\t<div class=\"lqd-fb-inner\">\n\n\t\t\t\t<div class=\"overflow-hidden lqd-fb-img pos-rel\">\n\n\t\t\t\t\t<figure class=\"w-100\">\n\t\t\t\t\t\t<img decoding=\"async\" class=\"w-100\" src=\"https:\/\/nbtexim.com\/es\/wp-content\/uploads\/sites\/8\/2025\/09\/food-industry.jpg\">\t\t\t\t\t<\/figure>\n\n\t\t\t\t\t\n\t\t\t\t<\/div>\n\n\t\t\t\t<div class=\"lqd-fb-content pos-rel\">\n\t\t\t\t\t<div class=\"lqd-fb-bg lqd-overlay\"><\/div>\n\t\t\t\t\t<div class=\"lqd-fb-hover-overlay lqd-overlay\"><\/div>\n\t\t\t\t\t<div class=\"p-5 text-center lqd-fb-content-inner pos-rel\">\n\n\t\t\t\t\t\t<h2 class=\"lqd-fb__title mt-0 mb-3 font-weight-normal \">Industria Alimentaria<\/h2>\n\t\t\t\t\t\t\t\t\t\t\t\t<p class=\"mt-0 mb-0\"> Nuestra cartera de productos abarca una amplia gama de aplicaciones dentro de los mercados globales de alimentos.\nProte\u00ednas: Mejoran la textura y el valor nutricional en la panificaci\u00f3n y son fundamentales en la elaboraci\u00f3n de productos c\u00e1rnicos procesados.\nEdulcorantes: Se aplican en confiter\u00eda, helados y bebidas, aportando funcionalidad, dulzor equilibrado y estabilidad.\nAlmidones: Ofrecen propiedades aglutinantes, espesantes y texturizantes esenciales, lo que los hace ideales para galletas, fideos, sopas, salsas y m\u00faltiples formulaciones m\u00e1s.\nCon esta diversa gama de ingredientes de alta calidad, brindamos soluciones que potencian el rendimiento, mejoran el sabor y fomentan la innovaci\u00f3n en la industria alimentaria a nivel mundial.<\/p>\n\t\t\t\t\t\t\n\t\t\t\t\t<\/div>\n\n\n\t\t\t\t\t\n\t\t\t\t<\/div>\n\n\t\t\t<\/div>\n\t\t\t\t\t<\/div>\n\t\t\t\t\t\t<\/div>\n\t\t\t\t<\/div>\n\t\t\t\t\t<\/div>\n\t\t<\/div>\n\t\t\t\t<div class=\"elementor-column elementor-col-50 elementor-top-column elementor-element elementor-element-ad68aa4\" data-id=\"ad68aa4\" data-element_type=\"column\">\n\t\t\t<div class=\"elementor-widget-wrap elementor-element-populated\">\n\t\t\t\t\t\t<div class=\"elementor-element elementor-element-5486d5f elementor-widget elementor-widget-ld_content_box\" data-id=\"5486d5f\" data-element_type=\"widget\" data-widget_type=\"ld_content_box.default\">\n\t\t\t\t<div class=\"elementor-widget-container\">\n\t\t\t\t\t\n\t\t<div class=\"lqd-fb pos-rel lqd-fb-style-4 lqd-fb-zoom-img-onhover\">\n\t\t\t\t\t<div class=\"lqd-fb-inner\">\n\n\t\t\t\t<div class=\"overflow-hidden lqd-fb-img pos-rel\">\n\n\t\t\t\t\t<figure class=\"w-100\">\n\t\t\t\t\t\t<img decoding=\"async\" class=\"w-100\" src=\"https:\/\/nbtexim.com\/es\/wp-content\/uploads\/sites\/8\/2025\/09\/pharma.jpg\">\t\t\t\t\t<\/figure>\n\n\t\t\t\t\t\n\t\t\t\t<\/div>\n\n\t\t\t\t<div class=\"lqd-fb-content pos-rel\">\n\t\t\t\t\t<div class=\"lqd-fb-bg lqd-overlay\"><\/div>\n\t\t\t\t\t<div class=\"lqd-fb-hover-overlay lqd-overlay\"><\/div>\n\t\t\t\t\t<div class=\"p-5 text-center lqd-fb-content-inner pos-rel\">\n\n\t\t\t\t\t\t<h2 class=\"lqd-fb__title mt-0 mb-3 font-weight-normal \">Farmac\u00e9utica y Cosm\u00e9tica<\/h2>\n\t\t\t\t\t\t\t\t\t\t\t\t<p class=\"mt-0 mb-0\"> Nuestros ingredientes desempe\u00f1an un papel esencial en la formulaci\u00f3n de productos farmac\u00e9uticos y cosm\u00e9ticos.\nEdulcorantes, como el sorbitol, act\u00faan como espesantes y humectantes, adem\u00e1s de ser eficaces agentes acondicionadores que previenen la p\u00e9rdida de hidrataci\u00f3n en la piel y el cabello. Tambi\u00e9n se aplican ampliamente en el cuidado bucal, como en pastas dentales y enjuagues.\nAceites esenciales: aportan fragancias naturales, beneficios terap\u00e9uticos y propiedades funcionales para el cuidado personal, la cosm\u00e9tica y el bienestar.\nGlicerina: es un ingrediente vers\u00e1til, valorado por sus cualidades hidratantes, calmantes y protectoras, convirti\u00e9ndose en un componente clave en cremas, lociones y formulaciones farmac\u00e9uticas.\nCon nuestro amplio portafolio, ofrecemos soluciones de alta calidad que combinan funcionalidad, seguridad e innovaci\u00f3n, adapt\u00e1ndose a las exigencias de un mercado global en constante evoluci\u00f3n.<\/p>\n\t\t\t\t\t\t\n\t\t\t\t\t<\/div>\n\n\n\t\t\t\t\t\n\t\t\t\t<\/div>\n\n\t\t\t<\/div>\n\t\t\t\t\t<\/div>\n\t\t\t\t\t\t<\/div>\n\t\t\t\t<\/div>\n\t\t\t\t\t<\/div>\n\t\t<\/div>\n\t\t\t\t\t<\/div>\n\t\t<\/section>\n\t\t\t\t<section class=\"elementor-section elementor-top-section elementor-element elementor-element-4fc15ff elementor-section-boxed elementor-section-height-default elementor-section-height-default\" data-id=\"4fc15ff\" data-element_type=\"section\">\n\t\t\t\t\t\t<div class=\"elementor-container elementor-column-gap-default\">\n\t\t\t\t\t<div class=\"elementor-column elementor-col-50 elementor-top-column elementor-element elementor-element-2a7c2d8\" data-id=\"2a7c2d8\" data-element_type=\"column\">\n\t\t\t<div class=\"elementor-widget-wrap elementor-element-populated\">\n\t\t\t\t\t\t<div class=\"elementor-element elementor-element-a308058 elementor-widget elementor-widget-ld_content_box\" data-id=\"a308058\" data-element_type=\"widget\" data-widget_type=\"ld_content_box.default\">\n\t\t\t\t<div class=\"elementor-widget-container\">\n\t\t\t\t\t\n\t\t<div class=\"lqd-fb pos-rel lqd-fb-style-4 lqd-fb-zoom-img-onhover\">\n\t\t\t\t\t<div class=\"lqd-fb-inner\">\n\n\t\t\t\t<div class=\"overflow-hidden lqd-fb-img pos-rel\">\n\n\t\t\t\t\t<figure class=\"w-100\">\n\t\t\t\t\t\t<img decoding=\"async\" class=\"w-100\" src=\"https:\/\/nbtexim.com\/es\/wp-content\/uploads\/sites\/8\/2025\/09\/paper.jpg\">\t\t\t\t\t<\/figure>\n\n\t\t\t\t\t\n\t\t\t\t<\/div>\n\n\t\t\t\t<div class=\"lqd-fb-content pos-rel\">\n\t\t\t\t\t<div class=\"lqd-fb-bg lqd-overlay\"><\/div>\n\t\t\t\t\t<div class=\"lqd-fb-hover-overlay lqd-overlay\"><\/div>\n\t\t\t\t\t<div class=\"p-5 text-center lqd-fb-content-inner pos-rel\">\n\n\t\t\t\t\t\t<h2 class=\"lqd-fb__title mt-0 mb-3 font-weight-normal \">Industria Manufacturera<\/h2>\n\t\t\t\t\t\t\t\t\t\t\t\t<p class=\"mt-0 mb-0\"> Los almidones desempe\u00f1an un papel fundamental en el sector manufacturero, especialmente en las industrias de cart\u00f3n corrugado, papel, cart\u00f3n y textiles. Su aplicaci\u00f3n mejora la resistencia, la durabilidad y el acabado de los productos finales, al mismo tiempo que incrementa la eficiencia de los procesos productivos. Gracias a su versatilidad, funcionalidad y rentabilidad, el almid\u00f3n contin\u00faa siendo una materia prima indispensable para garantizar calidad, consistencia e innovaci\u00f3n en estas\u00a0industrias.<\/p>\n\t\t\t\t\t\t\n\t\t\t\t\t<\/div>\n\n\n\t\t\t\t\t\n\t\t\t\t<\/div>\n\n\t\t\t<\/div>\n\t\t\t\t\t<\/div>\n\t\t\t\t\t\t<\/div>\n\t\t\t\t<\/div>\n\t\t\t\t\t<\/div>\n\t\t<\/div>\n\t\t\t\t<div class=\"elementor-column elementor-col-50 elementor-top-column elementor-element elementor-element-2cc1094\" data-id=\"2cc1094\" data-element_type=\"column\">\n\t\t\t<div class=\"elementor-widget-wrap elementor-element-populated\">\n\t\t\t\t\t\t<div class=\"elementor-element elementor-element-c65f009 elementor-widget elementor-widget-ld_content_box\" data-id=\"c65f009\" data-element_type=\"widget\" data-widget_type=\"ld_content_box.default\">\n\t\t\t\t<div class=\"elementor-widget-container\">\n\t\t\t\t\t\n\t\t<div class=\"lqd-fb pos-rel lqd-fb-style-4 lqd-fb-zoom-img-onhover\">\n\t\t\t\t\t<div class=\"lqd-fb-inner\">\n\n\t\t\t\t<div class=\"overflow-hidden lqd-fb-img pos-rel\">\n\n\t\t\t\t\t<figure class=\"w-100\">\n\t\t\t\t\t\t<img decoding=\"async\" class=\"w-100\" src=\"https:\/\/nbtexim.com\/es\/wp-content\/uploads\/sites\/8\/2025\/09\/feed-e1757017953827.jpeg\">\t\t\t\t\t<\/figure>\n\n\t\t\t\t\t\n\t\t\t\t<\/div>\n\n\t\t\t\t<div class=\"lqd-fb-content pos-rel\">\n\t\t\t\t\t<div class=\"lqd-fb-bg lqd-overlay\"><\/div>\n\t\t\t\t\t<div class=\"lqd-fb-hover-overlay lqd-overlay\"><\/div>\n\t\t\t\t\t<div class=\"p-5 text-center lqd-fb-content-inner pos-rel\">\n\n\t\t\t\t\t\t<h2 class=\"lqd-fb__title mt-0 mb-3 font-weight-normal \">Nutrici\u00f3n Animal<\/h2>\n\t\t\t\t\t\t\t\t\t\t\t\t<p class=\"mt-0 mb-0\"> Las prote\u00ednas son un pilar fundamental en la nutrici\u00f3n animal, ya que contribuyen al crecimiento saludable y al rendimiento del ganado, las aves de corral y la acuicultura. Ingredientes clave como gluten de trigo, gluten de ma\u00edz, DDGS de ma\u00edz, harina de soja y amino\u00e1cidos aportan nutrientes esenciales que optimizan la eficiencia alimenticia, promueven la ganancia de peso y mejoran la productividad general de los animales.\nAl ofrecer fuentes de prote\u00edna de alta calidad adaptadas a las necesidades de productores de bovinos, porcinos, av\u00edcolas y pisc\u00edcolas, apoyamos la producci\u00f3n sostenible de carne, l\u00e1cteos, huevos y productos\u00a0acu\u00edcolas.<\/p>\n\t\t\t\t\t\t\n\t\t\t\t\t<\/div>\n\n\n\t\t\t\t\t\n\t\t\t\t<\/div>\n\n\t\t\t<\/div>\n\t\t\t\t\t<\/div>\n\t\t\t\t\t\t<\/div>\n\t\t\t\t<\/div>\n\t\t\t\t\t<\/div>\n\t\t<\/div>\n\t\t\t\t\t<\/div>\n\t\t<\/section>\n\t\t\t\t<section class=\"elementor-section elementor-top-section elementor-element elementor-element-976583c elementor-section-boxed elementor-section-height-default elementor-section-height-default\" data-id=\"976583c\" data-element_type=\"section\">\n\t\t\t\t\t\t<div class=\"elementor-container elementor-column-gap-default\">\n\t\t\t\t\t<div class=\"elementor-column elementor-col-100 elementor-top-column elementor-element elementor-element-73c3786\" data-id=\"73c3786\" data-element_type=\"column\">\n\t\t\t<div class=\"elementor-widget-wrap\">\n\t\t\t\t\t\t\t<\/div>\n\t\t<\/div>\n\t\t\t\t\t<\/div>\n\t\t<\/section>\n\t\t\t\t<\/div>\n\t\t","protected":false},"excerpt":{"rendered":"<p>Industria Alimentaria Nuestra cartera de productos abarca una amplia gama de aplicaciones dentro de los mercados globales de alimentos. Prote\u00ednas: Mejoran la textura y el valor nutricional en la panificaci\u00f3n y son fundamentales en la elaboraci\u00f3n de productos c\u00e1rnicos procesados. Edulcorantes: Se aplican en confiter\u00eda, helados y bebidas, aportando funcionalidad, dulzor equilibrado y estabilidad. Almidones: [&hellip;]<\/p>\n","protected":false},"author":1,"featured_media":0,"parent":9,"menu_order":0,"comment_status":"closed","ping_status":"closed","template":"","meta":{"footnotes":""},"class_list":["post-10984","page","type-page","status-publish","hentry"],"yoast_head":"<!-- This site is optimized with the Yoast SEO plugin v25.8 - https:\/\/yoast.com\/wordpress\/plugins\/seo\/ -->\n<title>Aplicaciones - NBT Ingredientes<\/title>\n<meta name=\"robots\" content=\"index, follow, max-snippet:-1, max-image-preview:large, max-video-preview:-1\" \/>\n<link rel=\"canonical\" href=\"https:\/\/nbtexim.com\/es\/applications\/\" \/>\n<meta property=\"og:locale\" content=\"tr_TR\" \/>\n<meta property=\"og:type\" content=\"article\" \/>\n<meta property=\"og:title\" content=\"Aplicaciones - NBT Ingredientes\" \/>\n<meta property=\"og:description\" content=\"Industria Alimentaria Nuestra cartera de productos abarca una amplia gama de aplicaciones dentro de los mercados globales de alimentos. Prote\u00ednas: Mejoran la textura y el valor nutricional en la panificaci\u00f3n y son fundamentales en la elaboraci\u00f3n de productos c\u00e1rnicos procesados. Edulcorantes: Se aplican en confiter\u00eda, helados y bebidas, aportando funcionalidad, dulzor equilibrado y estabilidad. Almidones: [&hellip;]\" \/>\n<meta property=\"og:url\" content=\"https:\/\/nbtexim.com\/es\/applications\/\" \/>\n<meta property=\"og:site_name\" content=\"NBT Ingredientes\" \/>\n<meta property=\"article:modified_time\" content=\"2025-09-04T21:07:43+00:00\" \/>\n<meta property=\"og:image\" content=\"https:\/\/nbtexim.com\/es\/wp-content\/uploads\/sites\/8\/2025\/09\/food-industry.jpg\" \/>\n<meta name=\"twitter:card\" content=\"summary_large_image\" \/>\n<meta name=\"twitter:label1\" content=\"Tahmini okuma s\u00fcresi\" \/>\n\t<meta name=\"twitter:data1\" content=\"4 dakika\" \/>\n<script type=\"application\/ld+json\" class=\"yoast-schema-graph\">{\"@context\":\"https:\/\/schema.org\",\"@graph\":[{\"@type\":\"WebPage\",\"@id\":\"https:\/\/nbtexim.com\/es\/applications\/\",\"url\":\"https:\/\/nbtexim.com\/es\/applications\/\",\"name\":\"Aplicaciones - NBT Ingredientes\",\"isPartOf\":{\"@id\":\"https:\/\/nbtexim.com\/es\/#website\"},\"primaryImageOfPage\":{\"@id\":\"https:\/\/nbtexim.com\/es\/applications\/#primaryimage\"},\"image\":{\"@id\":\"https:\/\/nbtexim.com\/es\/applications\/#primaryimage\"},\"thumbnailUrl\":\"https:\/\/nbtexim.com\/es\/wp-content\/uploads\/sites\/8\/2025\/09\/food-industry.jpg\",\"datePublished\":\"2022-03-27T22:54:43+00:00\",\"dateModified\":\"2025-09-04T21:07:43+00:00\",\"breadcrumb\":{\"@id\":\"https:\/\/nbtexim.com\/es\/applications\/#breadcrumb\"},\"inLanguage\":\"tr\",\"potentialAction\":[{\"@type\":\"ReadAction\",\"target\":[\"https:\/\/nbtexim.com\/es\/applications\/\"]}]},{\"@type\":\"ImageObject\",\"inLanguage\":\"tr\",\"@id\":\"https:\/\/nbtexim.com\/es\/applications\/#primaryimage\",\"url\":\"https:\/\/nbtexim.com\/es\/wp-content\/uploads\/sites\/8\/2025\/09\/food-industry.jpg\",\"contentUrl\":\"https:\/\/nbtexim.com\/es\/wp-content\/uploads\/sites\/8\/2025\/09\/food-industry.jpg\",\"width\":1380,\"height\":776},{\"@type\":\"BreadcrumbList\",\"@id\":\"https:\/\/nbtexim.com\/es\/applications\/#breadcrumb\",\"itemListElement\":[{\"@type\":\"ListItem\",\"position\":1,\"name\":\"Anasayfa\",\"item\":\"https:\/\/nbtexim.com\/es\/\"},{\"@type\":\"ListItem\",\"position\":2,\"name\":\"P\u00e1gina de inicio\",\"item\":\"https:\/\/nbtexim.com\/es\/\"},{\"@type\":\"ListItem\",\"position\":3,\"name\":\"Aplicaciones\"}]},{\"@type\":\"WebSite\",\"@id\":\"https:\/\/nbtexim.com\/es\/#website\",\"url\":\"https:\/\/nbtexim.com\/es\/\",\"name\":\"NBT Ingredientes\",\"description\":\"Almidones, edulcorantes, aceites y prote\u00ednas.\",\"potentialAction\":[{\"@type\":\"SearchAction\",\"target\":{\"@type\":\"EntryPoint\",\"urlTemplate\":\"https:\/\/nbtexim.com\/es\/?s={search_term_string}\"},\"query-input\":{\"@type\":\"PropertyValueSpecification\",\"valueRequired\":true,\"valueName\":\"search_term_string\"}}],\"inLanguage\":\"tr\"}]}<\/script>\n<!-- \/ Yoast SEO plugin. -->","yoast_head_json":{"title":"Aplicaciones - NBT Ingredientes","robots":{"index":"index","follow":"follow","max-snippet":"max-snippet:-1","max-image-preview":"max-image-preview:large","max-video-preview":"max-video-preview:-1"},"canonical":"https:\/\/nbtexim.com\/es\/applications\/","og_locale":"tr_TR","og_type":"article","og_title":"Aplicaciones - NBT Ingredientes","og_description":"Industria Alimentaria Nuestra cartera de productos abarca una amplia gama de aplicaciones dentro de los mercados globales de alimentos. Prote\u00ednas: Mejoran la textura y el valor nutricional en la panificaci\u00f3n y son fundamentales en la elaboraci\u00f3n de productos c\u00e1rnicos procesados. Edulcorantes: Se aplican en confiter\u00eda, helados y bebidas, aportando funcionalidad, dulzor equilibrado y estabilidad. Almidones: [&hellip;]","og_url":"https:\/\/nbtexim.com\/es\/applications\/","og_site_name":"NBT Ingredientes","article_modified_time":"2025-09-04T21:07:43+00:00","og_image":[{"url":"https:\/\/nbtexim.com\/es\/wp-content\/uploads\/sites\/8\/2025\/09\/food-industry.jpg","type":"","width":"","height":""}],"twitter_card":"summary_large_image","twitter_misc":{"Tahmini okuma s\u00fcresi":"4 dakika"},"schema":{"@context":"https:\/\/schema.org","@graph":[{"@type":"WebPage","@id":"https:\/\/nbtexim.com\/es\/applications\/","url":"https:\/\/nbtexim.com\/es\/applications\/","name":"Aplicaciones - NBT Ingredientes","isPartOf":{"@id":"https:\/\/nbtexim.com\/es\/#website"},"primaryImageOfPage":{"@id":"https:\/\/nbtexim.com\/es\/applications\/#primaryimage"},"image":{"@id":"https:\/\/nbtexim.com\/es\/applications\/#primaryimage"},"thumbnailUrl":"https:\/\/nbtexim.com\/es\/wp-content\/uploads\/sites\/8\/2025\/09\/food-industry.jpg","datePublished":"2022-03-27T22:54:43+00:00","dateModified":"2025-09-04T21:07:43+00:00","breadcrumb":{"@id":"https:\/\/nbtexim.com\/es\/applications\/#breadcrumb"},"inLanguage":"tr","potentialAction":[{"@type":"ReadAction","target":["https:\/\/nbtexim.com\/es\/applications\/"]}]},{"@type":"ImageObject","inLanguage":"tr","@id":"https:\/\/nbtexim.com\/es\/applications\/#primaryimage","url":"https:\/\/nbtexim.com\/es\/wp-content\/uploads\/sites\/8\/2025\/09\/food-industry.jpg","contentUrl":"https:\/\/nbtexim.com\/es\/wp-content\/uploads\/sites\/8\/2025\/09\/food-industry.jpg","width":1380,"height":776},{"@type":"BreadcrumbList","@id":"https:\/\/nbtexim.com\/es\/applications\/#breadcrumb","itemListElement":[{"@type":"ListItem","position":1,"name":"Anasayfa","item":"https:\/\/nbtexim.com\/es\/"},{"@type":"ListItem","position":2,"name":"P\u00e1gina de inicio","item":"https:\/\/nbtexim.com\/es\/"},{"@type":"ListItem","position":3,"name":"Aplicaciones"}]},{"@type":"WebSite","@id":"https:\/\/nbtexim.com\/es\/#website","url":"https:\/\/nbtexim.com\/es\/","name":"NBT Ingredientes","description":"Almidones, edulcorantes, aceites y prote\u00ednas.","potentialAction":[{"@type":"SearchAction","target":{"@type":"EntryPoint","urlTemplate":"https:\/\/nbtexim.com\/es\/?s={search_term_string}"},"query-input":{"@type":"PropertyValueSpecification","valueRequired":true,"valueName":"search_term_string"}}],"inLanguage":"tr"}]}},"_links":{"self":[{"href":"https:\/\/nbtexim.com\/es\/wp-json\/wp\/v2\/pages\/10984","targetHints":{"allow":["GET"]}}],"collection":[{"href":"https:\/\/nbtexim.com\/es\/wp-json\/wp\/v2\/pages"}],"about":[{"href":"https:\/\/nbtexim.com\/es\/wp-json\/wp\/v2\/types\/page"}],"author":[{"embeddable":true,"href":"https:\/\/nbtexim.com\/es\/wp-json\/wp\/v2\/users\/1"}],"replies":[{"embeddable":true,"href":"https:\/\/nbtexim.com\/es\/wp-json\/wp\/v2\/comments?post=10984"}],"version-history":[{"count":60,"href":"https:\/\/nbtexim.com\/es\/wp-json\/wp\/v2\/pages\/10984\/revisions"}],"predecessor-version":[{"id":12002,"href":"https:\/\/nbtexim.com\/es\/wp-json\/wp\/v2\/pages\/10984\/revisions\/12002"}],"up":[{"embeddable":true,"href":"https:\/\/nbtexim.com\/es\/wp-json\/wp\/v2\/pages\/9"}],"wp:attachment":[{"href":"https:\/\/nbtexim.com\/es\/wp-json\/wp\/v2\/media?parent=10984"}],"curies":[{"name":"wp","href":"https:\/\/api.w.org\/{rel}","templated":true}]}}